{"id":2782,"date":"2022-12-28T15:56:17","date_gmt":"2022-12-28T15:56:17","guid":{"rendered":"https:\/\/hhcarmelitas.com\/wp\/?page_id=2782"},"modified":"2025-10-28T12:37:00","modified_gmt":"2025-10-28T12:37:00","slug":"pastoral","status":"publish","type":"page","link":"https:\/\/hhcarmelitas.com\/wp\/admissions\/pastoral\/","title":{"rendered":"Pastoral"},"content":{"rendered":"\t\t<div data-elementor-type=\"wp-page\" data-elementor-id=\"2782\" class=\"elementor elementor-2782\" data-elementor-post-type=\"page\">\n\t\t\t\t<div class=\"elementor-element elementor-element-54e81a09 e-flex e-con-boxed e-con e-parent\" data-id=\"54e81a09\" data-element_type=\"container\">\n\t\t\t\t\t<div class=\"e-con-inner\">\n\t\t\t\t<div class=\"elementor-element elementor-element-1d6969ae elementor-widget elementor-widget-text-editor\" data-id=\"1d6969ae\" data-element_type=\"widget\" data-widget_type=\"text-editor.default\">\n\t\t\t\t\t\t\t\t\t<div class=\"fusion-fullwidth fullwidth-box fusion-builder-row-1 fusion-flex-container nonhundred-percent-fullwidth non-hundred-percent-height-scrolling\" style=\"background-color: rgba(255,255,255,0);background-position: center center;background-repeat: no-repeat;border-width: 0px 0px 0px 0px;border-color:#e7e4e2;border-style:solid;\" ><div class=\"fusion-builder-row fusion-row fusion-flex-align-items-flex-start\" style=\"max-width:1331.2px;margin-left: calc(-4% \/ 2 );margin-right: calc(-4% \/ 2 );\"><div class=\"fusion-layout-column fusion_builder_column fusion-builder-column-0 fusion_builder_column_1_1 1_1 fusion-flex-column\"><div class=\"fusion-column-wrapper fusion-flex-justify-content-flex-start fusion-content-layout-column\" style=\"background-position:left top;background-repeat:no-repeat;-webkit-background-size:cover;-moz-background-size:cover;-o-background-size:cover;background-size:cover;padding: 0px 0px 0px 0px;\"><div class=\"fusion-text fusion-text-1\" style=\"transform:translate3d(0,0,0);\"><p>La Escuela Vedruna apuesta por una acci\u00f3n educativa que genere vida, dignifique la vida y se comprometa con la vida de las personas, de la sociedad y de la naturaleza.<\/p>\n<p>Apuesta por la formaci\u00f3n integral de la persona interiorizando en todas sus dimensiones: f\u00edsica, mental, emocional, contemplativa o espiritual.<\/p>\n<p>Queremos crear \u201cuna cultura de interioridad\u201d, en la que importa la escucha interior, la mirada del coraz\u00f3n. Educar personas que sean capaces de crear paz a nuestro alrededor,honrar aquello que tiene la vida de sagrado, bendecir todo lo que se presente, vivir con hondura y calidad su existencia, desear y defender el bien de todos los seres.<\/p>\n<p>Ser nosotros mismos en relaci\u00f3n con los dem\u00e1s, lo cual nos llevar\u00e1 a crear una consciencia relacional y as\u00ed sentirnos parte de un Todo con un compromiso social y ecol\u00f3gico que haga posible el desarrollo integral de la persona.<\/p>\n<p>En la Pastoral Educativa Vedruna se destacan los valores que, como Escuela Vedruna, se consideran m\u00e1s urgentes en esta sociedad. Para cada uno de esos valores la Propuesta Educativa marca unas l\u00edneas de acci\u00f3n.<\/p>\n<p>Una de nuestras metas es sensibilizar sobre el valor de la vida, ayudar a vivirla en plenitud y agradecerla como don recibido.<\/p>\n<p>Otro de nuestros objetivos es alentar el sentido de trascendencia cultivando la dimensi\u00f3n contemplativa y la capacidad de interiorizaci\u00f3n, que ayude a descubrir a Dios presente y activo en la propia vida, en todas las dem\u00e1s personas, en la naturaleza y en la historia.<\/p>\n<p>Tambi\u00e9n promover la paz, hacer que las personas se sientan reconocidas y valoradas, fomentar la convivencia pac\u00edfica dentro de la pluralidad, promoviendo la cooperaci\u00f3n por encima de la competitividad.<\/p>\n<\/div><style type=\"text\/css\">@media only screen and (max-width:1024px) {.fusion-title.fusion-title-1{margin-top:10px!important;margin-bottom:20px!important;}}@media only screen and (max-width:640px) {.fusion-title.fusion-title-1{margin-top:10px!important;margin-bottom:20px!important;}}<\/style><div class=\"fusion-title title fusion-title-1 fusion-sep-none fusion-title-text fusion-title-size-one\" style=\"margin-top:10px;margin-bottom:20px;\"><h1 class=\"title-heading-left\" style=\"margin:0;\"><h2 style=\"text-align: center;\"><span style=\"color: #99cc00;\">Acciones de Pastoral<\/span><\/h2><\/h1><\/div><div class=\"fusion-text fusion-text-2\" style=\"transform:translate3d(0,0,0);\"><div class=\"elementor-element elementor-element-9039066 elementor-widget elementor-widget-heading\" data-id=\"9039066\" data-element_type=\"widget\" data-widget_type=\"heading.default\">\n<div class=\"elementor-widget-container\">\n<p class=\"elementor-heading-title elementor-size-default\"><span style=\"font-size: 16px;\">Desde el Colegio Vedruna y siempre bajo el carisma que nos identifica, pretendemos dar respuesta a las diferentes inquietudes y necesidades espirituales que van surgiendo a los miembros de nuestra comunidad. Para ello, realizamos una serie de acciones con la idea de abarcar los diferentes \u00e1mbitos de la persona y la sociedad.<\/span><\/p>\n<\/div>\n<\/div>\n<\/div><\/div><\/div><style type=\"text\/css\">.fusion-body .fusion-builder-column-0{width:100% !important;margin-top : 10px;margin-bottom : 10px;}.fusion-builder-column-0 > .fusion-column-wrapper {padding-top : 0px !important;padding-right : 0px !important;margin-right : 1.92%;padding-bottom : 0px !important;padding-left : 0px !important;margin-left : 1.92%;}@media only screen and (max-width:1024px) {.fusion-body .fusion-builder-column-0{width:100% !important;order : 0;}.fusion-builder-column-0 > .fusion-column-wrapper {margin-right : 1.92%;margin-left : 1.92%;}}@media only screen and (max-width:640px) {.fusion-body .fusion-builder-column-0{width:100% !important;order : 0;}.fusion-builder-column-0 > .fusion-column-wrapper {margin-right : 1.92%;margin-left : 1.92%;}}<\/style><\/div><style type=\"text\/css\">.fusion-body .fusion-flex-container.fusion-builder-row-1{ padding-top : 0px;margin-top : 0px;padding-right : 0px;padding-bottom : 0px;margin-bottom : 0px;padding-left : 0px;}<\/style><\/div><div class=\"fusion-fullwidth fullwidth-box fusion-builder-row-2 fusion-flex-container nonhundred-percent-fullwidth non-hundred-percent-height-scrolling\" style=\"background-color: #8bc34a;background-position: center center;background-repeat: no-repeat;border-width: 0px 0px 0px 0px;border-color:#e7e4e2;border-style:solid;\" ><div class=\"fusion-builder-row fusion-row fusion-flex-align-items-flex-start\" style=\"max-width:1331.2px;margin-left: calc(-4% \/ 2 );margin-right: calc(-4% \/ 2 );\"><\/div><style type=\"text\/css\">.fusion-body .fusion-flex-container.fusion-builder-row-2{ padding-top : 0px;margin-top : 0px;padding-right : 0px;padding-bottom : 0px;margin-bottom : 0px;padding-left : 0px;}<\/style><\/div><div class=\"fusion-fullwidth fullwidth-box fusion-builder-row-3 fusion-flex-container nonhundred-percent-fullwidth non-hundred-percent-height-scrolling\" style=\"background-color: rgba(255,255,255,0);background-position: center center;background-repeat: no-repeat;border-width: 0px 0px 0px 0px;border-color:#e7e4e2;border-style:solid;\" ><div class=\"fusion-builder-row fusion-row fusion-flex-align-items-flex-start\" style=\"max-width:1331.2px;margin-left: calc(-4% \/ 2 );margin-right: calc(-4% \/ 2 );\"><div class=\"fusion-layout-column fusion_builder_column fusion-builder-column-1 fusion_builder_column_1_4 1_4 fusion-flex-column\"><div class=\"fusion-column-wrapper fusion-flex-justify-content-flex-start fusion-content-layout-column\" style=\"background-position:left top;background-repeat:no-repeat;-webkit-background-size:cover;-moz-background-size:cover;-o-background-size:cover;background-size:cover;padding: 0px 0px 0px 0px;\"><div ><span class=\" fusion-imageframe imageframe-none imageframe-1 hover-type-none\"><img fetchpriority=\"high\" decoding=\"async\" fetchpriority=\"high\" width=\"2560\" height=\"1915\" alt=\"Voluntariado\" title=\"1669306728341(2)\" src=\"https:\/\/hhcarmelitas.com\/wp\/wp-content\/uploads\/2022\/12\/16693067283412-scaled.jpg\" class=\"img-responsive wp-image-2785\" srcset=\"https:\/\/hhcarmelitas.com\/wp\/wp-content\/uploads\/2022\/12\/16693067283412-200x150.jpg 200w, https:\/\/hhcarmelitas.com\/wp\/wp-content\/uploads\/2022\/12\/16693067283412-400x299.jpg 400w, https:\/\/hhcarmelitas.com\/wp\/wp-content\/uploads\/2022\/12\/16693067283412-600x449.jpg 600w, https:\/\/hhcarmelitas.com\/wp\/wp-content\/uploads\/2022\/12\/16693067283412-800x598.jpg 800w, https:\/\/hhcarmelitas.com\/wp\/wp-content\/uploads\/2022\/12\/16693067283412-1200x898.jpg 1200w, https:\/\/hhcarmelitas.com\/wp\/wp-content\/uploads\/2022\/12\/16693067283412-scaled.jpg 2560w\" sizes=\"(max-width: 1024px) 100vw, (max-width: 640px) 100vw, 400px\" \/><\/span><\/div><div class=\"fusion-text fusion-text-3\" style=\"transform:translate3d(0,0,0);\"><h4 class=\"elementor-heading-title elementor-size-default\" style=\"text-align: center;\">Acompa\u00f1amiento<\/h4>\n<\/div><\/div><\/div><style type=\"text\/css\">.fusion-body .fusion-builder-column-1{width:25% !important;margin-top : 10px;margin-bottom : 10px;}.fusion-builder-column-1 > .fusion-column-wrapper {padding-top : 0px !important;padding-right : 0px !important;margin-right : 7.68%;padding-bottom : 0px !important;padding-left : 0px !important;margin-left : 7.68%;}@media only screen and (max-width:1024px) {.fusion-body .fusion-builder-column-1{width:100% !important;order : 0;}.fusion-builder-column-1 > .fusion-column-wrapper {margin-right : 1.92%;margin-left : 1.92%;}}@media only screen and (max-width:640px) {.fusion-body .fusion-builder-column-1{width:100% !important;order : 0;}.fusion-builder-column-1 > .fusion-column-wrapper {margin-right : 1.92%;margin-left : 1.92%;}}<\/style><div class=\"fusion-layout-column fusion_builder_column fusion-builder-column-2 fusion_builder_column_1_4 1_4 fusion-flex-column\"><div class=\"fusion-column-wrapper fusion-flex-justify-content-flex-start fusion-content-layout-column\" style=\"background-position:left top;background-repeat:no-repeat;-webkit-background-size:cover;-moz-background-size:cover;-o-background-size:cover;background-size:cover;padding: 0px 0px 0px 0px;\"><div ><span class=\" fusion-imageframe imageframe-none imageframe-2 hover-type-none\"><img decoding=\"async\" width=\"2560\" height=\"1915\" alt=\"Interioridad\" title=\"1669306728341(2)\" src=\"https:\/\/hhcarmelitas.com\/wp\/wp-content\/uploads\/2022\/12\/16693067283412-scaled.jpg\" class=\"img-responsive wp-image-2785\" srcset=\"https:\/\/hhcarmelitas.com\/wp\/wp-content\/uploads\/2022\/12\/16693067283412-200x150.jpg 200w, https:\/\/hhcarmelitas.com\/wp\/wp-content\/uploads\/2022\/12\/16693067283412-400x299.jpg 400w, https:\/\/hhcarmelitas.com\/wp\/wp-content\/uploads\/2022\/12\/16693067283412-600x449.jpg 600w, https:\/\/hhcarmelitas.com\/wp\/wp-content\/uploads\/2022\/12\/16693067283412-800x598.jpg 800w, https:\/\/hhcarmelitas.com\/wp\/wp-content\/uploads\/2022\/12\/16693067283412-1200x898.jpg 1200w, https:\/\/hhcarmelitas.com\/wp\/wp-content\/uploads\/2022\/12\/16693067283412-scaled.jpg 2560w\" sizes=\"(max-width: 1024px) 100vw, (max-width: 640px) 100vw, 400px\" \/><\/span><\/div><div class=\"fusion-text fusion-text-4\" style=\"transform:translate3d(0,0,0);\"><h4 class=\"elementor-heading-title elementor-size-default\" style=\"text-align: center;\">Grupos<\/h4>\n<\/div><\/div><\/div><style type=\"text\/css\">.fusion-body .fusion-builder-column-2{width:25% !important;margin-top : 10px;margin-bottom : 10px;}.fusion-builder-column-2 > .fusion-column-wrapper {padding-top : 0px !important;padding-right : 0px !important;margin-right : 7.68%;padding-bottom : 0px !important;padding-left : 0px !important;margin-left : 7.68%;}@media only screen and (max-width:1024px) {.fusion-body .fusion-builder-column-2{width:100% !important;order : 0;}.fusion-builder-column-2 > .fusion-column-wrapper {margin-right : 1.92%;margin-left : 1.92%;}}@media only screen and (max-width:640px) {.fusion-body .fusion-builder-column-2{width:100% !important;order : 0;}.fusion-builder-column-2 > .fusion-column-wrapper {margin-right : 1.92%;margin-left : 1.92%;}}<\/style><div class=\"fusion-layout-column fusion_builder_column fusion-builder-column-3 fusion_builder_column_1_4 1_4 fusion-flex-column\"><div class=\"fusion-column-wrapper fusion-flex-justify-content-flex-start fusion-content-layout-column\" style=\"background-position:left top;background-repeat:no-repeat;-webkit-background-size:cover;-moz-background-size:cover;-o-background-size:cover;background-size:cover;padding: 0px 0px 0px 0px;\"><div ><span class=\" fusion-imageframe imageframe-none imageframe-3 hover-type-none\"><img decoding=\"async\" width=\"2560\" height=\"1915\" alt=\"Interioridad\" title=\"1669306728341(2)\" src=\"https:\/\/hhcarmelitas.com\/wp\/wp-content\/uploads\/2022\/12\/16693067283412-scaled.jpg\" class=\"img-responsive wp-image-2785\" srcset=\"https:\/\/hhcarmelitas.com\/wp\/wp-content\/uploads\/2022\/12\/16693067283412-200x150.jpg 200w, https:\/\/hhcarmelitas.com\/wp\/wp-content\/uploads\/2022\/12\/16693067283412-400x299.jpg 400w, https:\/\/hhcarmelitas.com\/wp\/wp-content\/uploads\/2022\/12\/16693067283412-600x449.jpg 600w, https:\/\/hhcarmelitas.com\/wp\/wp-content\/uploads\/2022\/12\/16693067283412-800x598.jpg 800w, https:\/\/hhcarmelitas.com\/wp\/wp-content\/uploads\/2022\/12\/16693067283412-1200x898.jpg 1200w, https:\/\/hhcarmelitas.com\/wp\/wp-content\/uploads\/2022\/12\/16693067283412-scaled.jpg 2560w\" sizes=\"(max-width: 1024px) 100vw, (max-width: 640px) 100vw, 400px\" \/><\/span><\/div><div class=\"fusion-text fusion-text-5\" style=\"transform:translate3d(0,0,0);\"><h4 class=\"elementor-heading-title elementor-size-default\" style=\"text-align: center;\">Campa\u00f1as<\/h4>\n<\/div><\/div><\/div><style type=\"text\/css\">.fusion-body .fusion-builder-column-3{width:25% !important;margin-top : 10px;margin-bottom : 10px;}.fusion-builder-column-3 > .fusion-column-wrapper {padding-top : 0px !important;padding-right : 0px !important;margin-right : 7.68%;padding-bottom : 0px !important;padding-left : 0px !important;margin-left : 7.68%;}@media only screen and (max-width:1024px) {.fusion-body .fusion-builder-column-3{width:100% !important;order : 0;}.fusion-builder-column-3 > .fusion-column-wrapper {margin-right : 1.92%;margin-left : 1.92%;}}@media only screen and (max-width:640px) {.fusion-body .fusion-builder-column-3{width:100% !important;order : 0;}.fusion-builder-column-3 > .fusion-column-wrapper {margin-right : 1.92%;margin-left : 1.92%;}}<\/style><div class=\"fusion-layout-column fusion_builder_column fusion-builder-column-4 fusion_builder_column_1_4 1_4 fusion-flex-column\"><div class=\"fusion-column-wrapper fusion-flex-justify-content-flex-start fusion-content-layout-column\" style=\"background-position:left top;background-repeat:no-repeat;-webkit-background-size:cover;-moz-background-size:cover;-o-background-size:cover;background-size:cover;padding: 0px 0px 0px 0px;\"><div ><span class=\" fusion-imageframe imageframe-none imageframe-4 hover-type-none\"><img decoding=\"async\" width=\"2560\" height=\"1915\" alt=\"Interioridad\" title=\"1669306728341(2)\" src=\"https:\/\/hhcarmelitas.com\/wp\/wp-content\/uploads\/2022\/12\/16693067283412-scaled.jpg\" class=\"img-responsive wp-image-2785\" srcset=\"https:\/\/hhcarmelitas.com\/wp\/wp-content\/uploads\/2022\/12\/16693067283412-200x150.jpg 200w, https:\/\/hhcarmelitas.com\/wp\/wp-content\/uploads\/2022\/12\/16693067283412-400x299.jpg 400w, https:\/\/hhcarmelitas.com\/wp\/wp-content\/uploads\/2022\/12\/16693067283412-600x449.jpg 600w, https:\/\/hhcarmelitas.com\/wp\/wp-content\/uploads\/2022\/12\/16693067283412-800x598.jpg 800w, https:\/\/hhcarmelitas.com\/wp\/wp-content\/uploads\/2022\/12\/16693067283412-1200x898.jpg 1200w, https:\/\/hhcarmelitas.com\/wp\/wp-content\/uploads\/2022\/12\/16693067283412-scaled.jpg 2560w\" sizes=\"(max-width: 1024px) 100vw, (max-width: 640px) 100vw, 400px\" \/><\/span><\/div><div class=\"fusion-text fusion-text-6\" style=\"transform:translate3d(0,0,0);\"><h4 class=\"elementor-heading-title elementor-size-default\" style=\"text-align: center;\">Camino<\/h4>\n<\/div><\/div><\/div><style type=\"text\/css\">.fusion-body .fusion-builder-column-4{width:25% !important;margin-top : 10px;margin-bottom : 10px;}.fusion-builder-column-4 > .fusion-column-wrapper {padding-top : 0px !important;padding-right : 0px !important;margin-right : 7.68%;padding-bottom : 0px !important;padding-left : 0px !important;margin-left : 7.68%;}@media only screen and (max-width:1024px) {.fusion-body .fusion-builder-column-4{width:100% !important;order : 0;}.fusion-builder-column-4 > .fusion-column-wrapper {margin-right : 1.92%;margin-left : 1.92%;}}@media only screen and (max-width:640px) {.fusion-body .fusion-builder-column-4{width:100% !important;order : 0;}.fusion-builder-column-4 > .fusion-column-wrapper {margin-right : 1.92%;margin-left : 1.92%;}}<\/style><\/div><style type=\"text\/css\">.fusion-body .fusion-flex-container.fusion-builder-row-3{ padding-top : 0px;margin-top : 0px;padding-right : 0px;padding-bottom : 0px;margin-bottom : 0px;padding-left : 0px;}<\/style><\/div>\t\t\t\t\t\t\t\t<\/div>\n\t\t\t\t\t<\/div>\n\t\t\t\t<\/div>\n\t\t<div class=\"elementor-element elementor-element-3fe4a20 e-flex e-con-boxed e-con e-parent\" data-id=\"3fe4a20\" data-element_type=\"container\">\n\t\t\t\t\t<div class=\"e-con-inner\">\n\t\t\t\t<div class=\"elementor-element elementor-element-afddca0 elementor-widget elementor-widget-text-editor\" data-id=\"afddca0\" data-element_type=\"widget\" data-widget_type=\"text-editor.default\">\n\t\t\t\t\t\t\t\t\t<p>Marco Fundaci\u00f3n Vedruna<\/p>\t\t\t\t\t\t\t\t<\/div>\n\t\t\t\t\t<\/div>\n\t\t\t\t<\/div>\n\t\t\t\t<\/div>\n\t\t","protected":false},"excerpt":{"rendered":"<p>Marco Fundaci\u00f3n Vedruna<\/p>\n","protected":false},"author":1,"featured_media":0,"parent":18,"menu_order":0,"comment_status":"closed","ping_status":"closed","template":"","meta":{"footnotes":""},"class_list":["post-2782","page","type-page","status-publish","hentry"],"yoast_head":"<!-- This site is optimized with the Yoast SEO plugin v25.9 - https:\/\/yoast.com\/wordpress\/plugins\/seo\/ -->\n<title>Pastoral - Colexio Mar\u00eda Inmaculada Vigo<\/title>\n<meta name=\"robots\" content=\"index, follow, max-snippet:-1, max-image-preview:large, max-video-preview:-1\" \/>\n<link rel=\"canonical\" href=\"https:\/\/hhcarmelitas.com\/wp\/admissions\/pastoral\/\" \/>\n<meta property=\"og:locale\" content=\"es_ES\" \/>\n<meta property=\"og:type\" content=\"article\" \/>\n<meta property=\"og:title\" content=\"Pastoral - Colexio Mar\u00eda Inmaculada Vigo\" \/>\n<meta property=\"og:description\" content=\"Marco Fundaci\u00f3n Vedruna\" \/>\n<meta property=\"og:url\" content=\"https:\/\/hhcarmelitas.com\/wp\/admissions\/pastoral\/\" \/>\n<meta property=\"og:site_name\" content=\"Colexio Mar\u00eda Inmaculada Vigo\" \/>\n<meta property=\"article:publisher\" content=\"https:\/\/www.facebook.com\/CarmelitasVigo\" \/>\n<meta property=\"article:modified_time\" content=\"2025-10-28T12:37:00+00:00\" \/>\n<meta name=\"twitter:card\" content=\"summary_large_image\" \/>\n<meta name=\"twitter:site\" content=\"@carmelitasvigo\" \/>\n<meta name=\"twitter:label1\" content=\"Tiempo de lectura\" \/>\n\t<meta name=\"twitter:data1\" content=\"1 minuto\" \/>\n<script type=\"application\/ld+json\" class=\"yoast-schema-graph\">{\"@context\":\"https:\/\/schema.org\",\"@graph\":[{\"@type\":\"WebPage\",\"@id\":\"https:\/\/hhcarmelitas.com\/wp\/admissions\/pastoral\/\",\"url\":\"https:\/\/hhcarmelitas.com\/wp\/admissions\/pastoral\/\",\"name\":\"Pastoral - Colexio Mar\u00eda Inmaculada Vigo\",\"isPartOf\":{\"@id\":\"https:\/\/hhcarmelitas.com\/wp\/#website\"},\"datePublished\":\"2022-12-28T15:56:17+00:00\",\"dateModified\":\"2025-10-28T12:37:00+00:00\",\"breadcrumb\":{\"@id\":\"https:\/\/hhcarmelitas.com\/wp\/admissions\/pastoral\/#breadcrumb\"},\"inLanguage\":\"es\",\"potentialAction\":[{\"@type\":\"ReadAction\",\"target\":[\"https:\/\/hhcarmelitas.com\/wp\/admissions\/pastoral\/\"]}]},{\"@type\":\"BreadcrumbList\",\"@id\":\"https:\/\/hhcarmelitas.com\/wp\/admissions\/pastoral\/#breadcrumb\",\"itemListElement\":[{\"@type\":\"ListItem\",\"position\":1,\"name\":\"Portada\",\"item\":\"https:\/\/hhcarmelitas.com\/wp\/\"},{\"@type\":\"ListItem\",\"position\":2,\"name\":\"Admissions\",\"item\":\"https:\/\/hhcarmelitas.com\/wp\/admissions\/\"},{\"@type\":\"ListItem\",\"position\":3,\"name\":\"Pastoral\"}]},{\"@type\":\"WebSite\",\"@id\":\"https:\/\/hhcarmelitas.com\/wp\/#website\",\"url\":\"https:\/\/hhcarmelitas.com\/wp\/\",\"name\":\"Colexio Mar\u00eda Inmaculada Vigo\",\"description\":\"HH Carmelitas Vedruna  Vigo\",\"publisher\":{\"@id\":\"https:\/\/hhcarmelitas.com\/wp\/#organization\"},\"potentialAction\":[{\"@type\":\"SearchAction\",\"target\":{\"@type\":\"EntryPoint\",\"urlTemplate\":\"https:\/\/hhcarmelitas.com\/wp\/?s={search_term_string}\"},\"query-input\":{\"@type\":\"PropertyValueSpecification\",\"valueRequired\":true,\"valueName\":\"search_term_string\"}}],\"inLanguage\":\"es\"},{\"@type\":\"Organization\",\"@id\":\"https:\/\/hhcarmelitas.com\/wp\/#organization\",\"name\":\"Colexio Mar\u00eda Inmaculada\",\"url\":\"https:\/\/hhcarmelitas.com\/wp\/\",\"logo\":{\"@type\":\"ImageObject\",\"inLanguage\":\"es\",\"@id\":\"https:\/\/hhcarmelitas.com\/wp\/#\/schema\/logo\/image\/\",\"url\":\"https:\/\/hhcarmelitas.com\/wp\/wp-content\/uploads\/2021\/01\/logonuevo.jpg\",\"contentUrl\":\"https:\/\/hhcarmelitas.com\/wp\/wp-content\/uploads\/2021\/01\/logonuevo.jpg\",\"width\":400,\"height\":400,\"caption\":\"Colexio Mar\u00eda Inmaculada\"},\"image\":{\"@id\":\"https:\/\/hhcarmelitas.com\/wp\/#\/schema\/logo\/image\/\"},\"sameAs\":[\"https:\/\/www.facebook.com\/CarmelitasVigo\",\"https:\/\/x.com\/carmelitasvigo\",\"https:\/\/www.instagram.com\/colegiocarmelitasvedrunavigo\/?hl=es\",\"https:\/\/www.youtube.com\/user\/hhcarmelitas\"]}]}<\/script>\n<!-- \/ Yoast SEO plugin. -->","yoast_head_json":{"title":"Pastoral - Colexio Mar\u00eda Inmaculada Vigo","robots":{"index":"index","follow":"follow","max-snippet":"max-snippet:-1","max-image-preview":"max-image-preview:large","max-video-preview":"max-video-preview:-1"},"canonical":"https:\/\/hhcarmelitas.com\/wp\/admissions\/pastoral\/","og_locale":"es_ES","og_type":"article","og_title":"Pastoral - Colexio Mar\u00eda Inmaculada Vigo","og_description":"Marco Fundaci\u00f3n Vedruna","og_url":"https:\/\/hhcarmelitas.com\/wp\/admissions\/pastoral\/","og_site_name":"Colexio Mar\u00eda Inmaculada Vigo","article_publisher":"https:\/\/www.facebook.com\/CarmelitasVigo","article_modified_time":"2025-10-28T12:37:00+00:00","twitter_card":"summary_large_image","twitter_site":"@carmelitasvigo","twitter_misc":{"Tiempo de lectura":"1 minuto"},"schema":{"@context":"https:\/\/schema.org","@graph":[{"@type":"WebPage","@id":"https:\/\/hhcarmelitas.com\/wp\/admissions\/pastoral\/","url":"https:\/\/hhcarmelitas.com\/wp\/admissions\/pastoral\/","name":"Pastoral - Colexio Mar\u00eda Inmaculada Vigo","isPartOf":{"@id":"https:\/\/hhcarmelitas.com\/wp\/#website"},"datePublished":"2022-12-28T15:56:17+00:00","dateModified":"2025-10-28T12:37:00+00:00","breadcrumb":{"@id":"https:\/\/hhcarmelitas.com\/wp\/admissions\/pastoral\/#breadcrumb"},"inLanguage":"es","potentialAction":[{"@type":"ReadAction","target":["https:\/\/hhcarmelitas.com\/wp\/admissions\/pastoral\/"]}]},{"@type":"BreadcrumbList","@id":"https:\/\/hhcarmelitas.com\/wp\/admissions\/pastoral\/#breadcrumb","itemListElement":[{"@type":"ListItem","position":1,"name":"Portada","item":"https:\/\/hhcarmelitas.com\/wp\/"},{"@type":"ListItem","position":2,"name":"Admissions","item":"https:\/\/hhcarmelitas.com\/wp\/admissions\/"},{"@type":"ListItem","position":3,"name":"Pastoral"}]},{"@type":"WebSite","@id":"https:\/\/hhcarmelitas.com\/wp\/#website","url":"https:\/\/hhcarmelitas.com\/wp\/","name":"Colexio Mar\u00eda Inmaculada Vigo","description":"HH Carmelitas Vedruna  Vigo","publisher":{"@id":"https:\/\/hhcarmelitas.com\/wp\/#organization"},"potentialAction":[{"@type":"SearchAction","target":{"@type":"EntryPoint","urlTemplate":"https:\/\/hhcarmelitas.com\/wp\/?s={search_term_string}"},"query-input":{"@type":"PropertyValueSpecification","valueRequired":true,"valueName":"search_term_string"}}],"inLanguage":"es"},{"@type":"Organization","@id":"https:\/\/hhcarmelitas.com\/wp\/#organization","name":"Colexio Mar\u00eda Inmaculada","url":"https:\/\/hhcarmelitas.com\/wp\/","logo":{"@type":"ImageObject","inLanguage":"es","@id":"https:\/\/hhcarmelitas.com\/wp\/#\/schema\/logo\/image\/","url":"https:\/\/hhcarmelitas.com\/wp\/wp-content\/uploads\/2021\/01\/logonuevo.jpg","contentUrl":"https:\/\/hhcarmelitas.com\/wp\/wp-content\/uploads\/2021\/01\/logonuevo.jpg","width":400,"height":400,"caption":"Colexio Mar\u00eda Inmaculada"},"image":{"@id":"https:\/\/hhcarmelitas.com\/wp\/#\/schema\/logo\/image\/"},"sameAs":["https:\/\/www.facebook.com\/CarmelitasVigo","https:\/\/x.com\/carmelitasvigo","https:\/\/www.instagram.com\/colegiocarmelitasvedrunavigo\/?hl=es","https:\/\/www.youtube.com\/user\/hhcarmelitas"]}]}},"_links":{"self":[{"href":"https:\/\/hhcarmelitas.com\/wp\/wp-json\/wp\/v2\/pages\/2782","targetHints":{"allow":["GET"]}}],"collection":[{"href":"https:\/\/hhcarmelitas.com\/wp\/wp-json\/wp\/v2\/pages"}],"about":[{"href":"https:\/\/hhcarmelitas.com\/wp\/wp-json\/wp\/v2\/types\/page"}],"author":[{"embeddable":true,"href":"https:\/\/hhcarmelitas.com\/wp\/wp-json\/wp\/v2\/users\/1"}],"replies":[{"embeddable":true,"href":"https:\/\/hhcarmelitas.com\/wp\/wp-json\/wp\/v2\/comments?post=2782"}],"version-history":[{"count":9,"href":"https:\/\/hhcarmelitas.com\/wp\/wp-json\/wp\/v2\/pages\/2782\/revisions"}],"predecessor-version":[{"id":3228,"href":"https:\/\/hhcarmelitas.com\/wp\/wp-json\/wp\/v2\/pages\/2782\/revisions\/3228"}],"up":[{"embeddable":true,"href":"https:\/\/hhcarmelitas.com\/wp\/wp-json\/wp\/v2\/pages\/18"}],"wp:attachment":[{"href":"https:\/\/hhcarmelitas.com\/wp\/wp-json\/wp\/v2\/media?parent=2782"}],"curies":[{"name":"wp","href":"https:\/\/api.w.org\/{rel}","templated":true}]}}