{"id":3015,"date":"2025-10-24T07:04:33","date_gmt":"2025-10-24T07:04:33","guid":{"rendered":"https:\/\/hhcarmelitas.com\/wp\/?page_id=3015"},"modified":"2025-10-24T07:16:31","modified_gmt":"2025-10-24T07:16:31","slug":"actividades-extraescolares","status":"publish","type":"page","link":"https:\/\/hhcarmelitas.com\/wp\/actividades-extraescolares\/","title":{"rendered":"Actividades Extraescolares"},"content":{"rendered":"\t\t<div data-elementor-type=\"wp-page\" data-elementor-id=\"3015\" class=\"elementor elementor-3015\" data-elementor-post-type=\"page\">\n\t\t\t\t<div class=\"elementor-element elementor-element-299702e e-flex e-con-boxed e-con e-parent\" data-id=\"299702e\" data-element_type=\"container\">\n\t\t\t\t\t<div class=\"e-con-inner\">\n\t\t\t\t<div class=\"elementor-element elementor-element-915f7f5 elementor-widget elementor-widget-text-editor\" data-id=\"915f7f5\" data-element_type=\"widget\" data-widget_type=\"text-editor.default\">\n\t\t\t\t\t\t\t\t\t<p>&nbsp;<strong style=\"color: rgb(51, 51, 51); font-family: &quot;Helvetica Neue&quot;, Helvetica, Arial, sans-serif; font-size: 14px; text-align: justify; letter-spacing: 0px;\">ART\u00cdSTICO CULTURALES:<\/strong><\/p><p style=\"margin-bottom: 10px; margin-left: 180px; font-size: 14px; line-height: 21px; color: rgb(51, 51, 51); font-family: &quot;Helvetica Neue&quot;, Helvetica, Arial, sans-serif; text-align: justify;\">Guitarra,Teatro, M\u00fasica y Movimiento, Ingl\u00e9s -preparaci\u00f3n ex\u00e1menes Cambridge-, Franc\u00e9s, Ajedrez, Club de Matem\u00e1ticas, C\u00e1lculo Mental con \u00c1baco Kids Brain, Rob\u00f3tica.<\/p><p style=\"margin-bottom: 10px; margin-left: 60px; font-size: 14px; line-height: 21px; color: rgb(51, 51, 51); font-family: &quot;Helvetica Neue&quot;, Helvetica, Arial, sans-serif; text-align: justify;\"><strong>DEPORTIVAS:<\/strong><\/p><p style=\"margin-bottom: 10px; margin-left: 180px; font-size: 14px; line-height: 21px; color: rgb(51, 51, 51); font-family: &quot;Helvetica Neue&quot;, Helvetica, Arial, sans-serif; text-align: justify;\">F\u00fatbol Sala, Baloncesto y Minibasket, Judo, Aer\u00f3bic, Nataci\u00f3n,Gimnasia r\u00edtmica, M\u00fasica y Movimiento, Multideporte.<\/p><p style=\"margin-bottom: 10px; font-size: 14px; line-height: 21px; color: rgb(51, 51, 51); font-family: &quot;Helvetica Neue&quot;, Helvetica, Arial, sans-serif; text-align: center;\">Toda la informaci\u00f3n: horarios, precios, inscripciones, etc, en el archivo adjunto.<\/p>\t\t\t\t\t\t\t\t<\/div>\n\t\t\t\t\t<\/div>\n\t\t\t\t<\/div>\n\t\t\t\t<\/div>\n\t\t","protected":false},"excerpt":{"rendered":"<p>&nbsp;ART\u00cdSTICO CULTURALES: Guitarra,Teatro, M\u00fasica y Movimiento, Ingl\u00e9s -preparaci\u00f3n ex\u00e1menes Cambridge-, Franc\u00e9s, Ajedrez, Club de Matem\u00e1ticas, C\u00e1lculo Mental con \u00c1baco Kids Brain, Rob\u00f3tica. DEPORTIVAS: F\u00fatbol Sala, Baloncesto y Minibasket, Judo, Aer\u00f3bic, Nataci\u00f3n,Gimnasia r\u00edtmica, M\u00fasica y Movimiento, Multideporte. Toda la informaci\u00f3n: horarios, precios, inscripciones, etc, en el archivo adjunto.<\/p>\n","protected":false},"author":4,"featured_media":0,"parent":0,"menu_order":0,"comment_status":"closed","ping_status":"closed","template":"","meta":{"footnotes":""},"class_list":["post-3015","page","type-page","status-publish","hentry"],"yoast_head":"<!-- This site is optimized with the Yoast SEO plugin v25.9 - https:\/\/yoast.com\/wordpress\/plugins\/seo\/ -->\n<title>Actividades Extraescolares - Colexio Mar\u00eda Inmaculada Vigo<\/title>\n<meta name=\"robots\" content=\"index, follow, max-snippet:-1, max-image-preview:large, max-video-preview:-1\" \/>\n<link rel=\"canonical\" href=\"https:\/\/hhcarmelitas.com\/wp\/actividades-extraescolares\/\" \/>\n<meta property=\"og:locale\" content=\"es_ES\" \/>\n<meta property=\"og:type\" content=\"article\" \/>\n<meta property=\"og:title\" content=\"Actividades Extraescolares - Colexio Mar\u00eda Inmaculada Vigo\" \/>\n<meta property=\"og:description\" content=\"&nbsp;ART\u00cdSTICO CULTURALES: Guitarra,Teatro, M\u00fasica y Movimiento, Ingl\u00e9s -preparaci\u00f3n ex\u00e1menes Cambridge-, Franc\u00e9s, Ajedrez, Club de Matem\u00e1ticas, C\u00e1lculo Mental con \u00c1baco Kids Brain, Rob\u00f3tica. DEPORTIVAS: F\u00fatbol Sala, Baloncesto y Minibasket, Judo, Aer\u00f3bic, Nataci\u00f3n,Gimnasia r\u00edtmica, M\u00fasica y Movimiento, Multideporte. Toda la informaci\u00f3n: horarios, precios, inscripciones, etc, en el archivo adjunto.\" \/>\n<meta property=\"og:url\" content=\"https:\/\/hhcarmelitas.com\/wp\/actividades-extraescolares\/\" \/>\n<meta property=\"og:site_name\" content=\"Colexio Mar\u00eda Inmaculada Vigo\" \/>\n<meta property=\"article:publisher\" content=\"https:\/\/www.facebook.com\/CarmelitasVigo\" \/>\n<meta property=\"article:modified_time\" content=\"2025-10-24T07:16:31+00:00\" \/>\n<meta name=\"twitter:card\" content=\"summary_large_image\" \/>\n<meta name=\"twitter:site\" content=\"@carmelitasvigo\" \/>\n<script type=\"application\/ld+json\" class=\"yoast-schema-graph\">{\"@context\":\"https:\/\/schema.org\",\"@graph\":[{\"@type\":\"WebPage\",\"@id\":\"https:\/\/hhcarmelitas.com\/wp\/actividades-extraescolares\/\",\"url\":\"https:\/\/hhcarmelitas.com\/wp\/actividades-extraescolares\/\",\"name\":\"Actividades Extraescolares - Colexio Mar\u00eda Inmaculada Vigo\",\"isPartOf\":{\"@id\":\"https:\/\/hhcarmelitas.com\/wp\/#website\"},\"datePublished\":\"2025-10-24T07:04:33+00:00\",\"dateModified\":\"2025-10-24T07:16:31+00:00\",\"breadcrumb\":{\"@id\":\"https:\/\/hhcarmelitas.com\/wp\/actividades-extraescolares\/#breadcrumb\"},\"inLanguage\":\"es\",\"potentialAction\":[{\"@type\":\"ReadAction\",\"target\":[\"https:\/\/hhcarmelitas.com\/wp\/actividades-extraescolares\/\"]}]},{\"@type\":\"BreadcrumbList\",\"@id\":\"https:\/\/hhcarmelitas.com\/wp\/actividades-extraescolares\/#breadcrumb\",\"itemListElement\":[{\"@type\":\"ListItem\",\"position\":1,\"name\":\"Portada\",\"item\":\"https:\/\/hhcarmelitas.com\/wp\/\"},{\"@type\":\"ListItem\",\"position\":2,\"name\":\"Actividades Extraescolares\"}]},{\"@type\":\"WebSite\",\"@id\":\"https:\/\/hhcarmelitas.com\/wp\/#website\",\"url\":\"https:\/\/hhcarmelitas.com\/wp\/\",\"name\":\"Colexio Mar\u00eda Inmaculada Vigo\",\"description\":\"HH Carmelitas Vedruna  Vigo\",\"publisher\":{\"@id\":\"https:\/\/hhcarmelitas.com\/wp\/#organization\"},\"potentialAction\":[{\"@type\":\"SearchAction\",\"target\":{\"@type\":\"EntryPoint\",\"urlTemplate\":\"https:\/\/hhcarmelitas.com\/wp\/?s={search_term_string}\"},\"query-input\":{\"@type\":\"PropertyValueSpecification\",\"valueRequired\":true,\"valueName\":\"search_term_string\"}}],\"inLanguage\":\"es\"},{\"@type\":\"Organization\",\"@id\":\"https:\/\/hhcarmelitas.com\/wp\/#organization\",\"name\":\"Colexio Mar\u00eda Inmaculada\",\"url\":\"https:\/\/hhcarmelitas.com\/wp\/\",\"logo\":{\"@type\":\"ImageObject\",\"inLanguage\":\"es\",\"@id\":\"https:\/\/hhcarmelitas.com\/wp\/#\/schema\/logo\/image\/\",\"url\":\"https:\/\/hhcarmelitas.com\/wp\/wp-content\/uploads\/2021\/01\/logonuevo.jpg\",\"contentUrl\":\"https:\/\/hhcarmelitas.com\/wp\/wp-content\/uploads\/2021\/01\/logonuevo.jpg\",\"width\":400,\"height\":400,\"caption\":\"Colexio Mar\u00eda Inmaculada\"},\"image\":{\"@id\":\"https:\/\/hhcarmelitas.com\/wp\/#\/schema\/logo\/image\/\"},\"sameAs\":[\"https:\/\/www.facebook.com\/CarmelitasVigo\",\"https:\/\/x.com\/carmelitasvigo\",\"https:\/\/www.instagram.com\/colegiocarmelitasvedrunavigo\/?hl=es\",\"https:\/\/www.youtube.com\/user\/hhcarmelitas\"]}]}<\/script>\n<!-- \/ Yoast SEO plugin. -->","yoast_head_json":{"title":"Actividades Extraescolares - Colexio Mar\u00eda Inmaculada Vigo","robots":{"index":"index","follow":"follow","max-snippet":"max-snippet:-1","max-image-preview":"max-image-preview:large","max-video-preview":"max-video-preview:-1"},"canonical":"https:\/\/hhcarmelitas.com\/wp\/actividades-extraescolares\/","og_locale":"es_ES","og_type":"article","og_title":"Actividades Extraescolares - Colexio Mar\u00eda Inmaculada Vigo","og_description":"&nbsp;ART\u00cdSTICO CULTURALES: Guitarra,Teatro, M\u00fasica y Movimiento, Ingl\u00e9s -preparaci\u00f3n ex\u00e1menes Cambridge-, Franc\u00e9s, Ajedrez, Club de Matem\u00e1ticas, C\u00e1lculo Mental con \u00c1baco Kids Brain, Rob\u00f3tica. DEPORTIVAS: F\u00fatbol Sala, Baloncesto y Minibasket, Judo, Aer\u00f3bic, Nataci\u00f3n,Gimnasia r\u00edtmica, M\u00fasica y Movimiento, Multideporte. Toda la informaci\u00f3n: horarios, precios, inscripciones, etc, en el archivo adjunto.","og_url":"https:\/\/hhcarmelitas.com\/wp\/actividades-extraescolares\/","og_site_name":"Colexio Mar\u00eda Inmaculada Vigo","article_publisher":"https:\/\/www.facebook.com\/CarmelitasVigo","article_modified_time":"2025-10-24T07:16:31+00:00","twitter_card":"summary_large_image","twitter_site":"@carmelitasvigo","schema":{"@context":"https:\/\/schema.org","@graph":[{"@type":"WebPage","@id":"https:\/\/hhcarmelitas.com\/wp\/actividades-extraescolares\/","url":"https:\/\/hhcarmelitas.com\/wp\/actividades-extraescolares\/","name":"Actividades Extraescolares - Colexio Mar\u00eda Inmaculada Vigo","isPartOf":{"@id":"https:\/\/hhcarmelitas.com\/wp\/#website"},"datePublished":"2025-10-24T07:04:33+00:00","dateModified":"2025-10-24T07:16:31+00:00","breadcrumb":{"@id":"https:\/\/hhcarmelitas.com\/wp\/actividades-extraescolares\/#breadcrumb"},"inLanguage":"es","potentialAction":[{"@type":"ReadAction","target":["https:\/\/hhcarmelitas.com\/wp\/actividades-extraescolares\/"]}]},{"@type":"BreadcrumbList","@id":"https:\/\/hhcarmelitas.com\/wp\/actividades-extraescolares\/#breadcrumb","itemListElement":[{"@type":"ListItem","position":1,"name":"Portada","item":"https:\/\/hhcarmelitas.com\/wp\/"},{"@type":"ListItem","position":2,"name":"Actividades Extraescolares"}]},{"@type":"WebSite","@id":"https:\/\/hhcarmelitas.com\/wp\/#website","url":"https:\/\/hhcarmelitas.com\/wp\/","name":"Colexio Mar\u00eda Inmaculada Vigo","description":"HH Carmelitas Vedruna  Vigo","publisher":{"@id":"https:\/\/hhcarmelitas.com\/wp\/#organization"},"potentialAction":[{"@type":"SearchAction","target":{"@type":"EntryPoint","urlTemplate":"https:\/\/hhcarmelitas.com\/wp\/?s={search_term_string}"},"query-input":{"@type":"PropertyValueSpecification","valueRequired":true,"valueName":"search_term_string"}}],"inLanguage":"es"},{"@type":"Organization","@id":"https:\/\/hhcarmelitas.com\/wp\/#organization","name":"Colexio Mar\u00eda Inmaculada","url":"https:\/\/hhcarmelitas.com\/wp\/","logo":{"@type":"ImageObject","inLanguage":"es","@id":"https:\/\/hhcarmelitas.com\/wp\/#\/schema\/logo\/image\/","url":"https:\/\/hhcarmelitas.com\/wp\/wp-content\/uploads\/2021\/01\/logonuevo.jpg","contentUrl":"https:\/\/hhcarmelitas.com\/wp\/wp-content\/uploads\/2021\/01\/logonuevo.jpg","width":400,"height":400,"caption":"Colexio Mar\u00eda Inmaculada"},"image":{"@id":"https:\/\/hhcarmelitas.com\/wp\/#\/schema\/logo\/image\/"},"sameAs":["https:\/\/www.facebook.com\/CarmelitasVigo","https:\/\/x.com\/carmelitasvigo","https:\/\/www.instagram.com\/colegiocarmelitasvedrunavigo\/?hl=es","https:\/\/www.youtube.com\/user\/hhcarmelitas"]}]}},"_links":{"self":[{"href":"https:\/\/hhcarmelitas.com\/wp\/wp-json\/wp\/v2\/pages\/3015","targetHints":{"allow":["GET"]}}],"collection":[{"href":"https:\/\/hhcarmelitas.com\/wp\/wp-json\/wp\/v2\/pages"}],"about":[{"href":"https:\/\/hhcarmelitas.com\/wp\/wp-json\/wp\/v2\/types\/page"}],"author":[{"embeddable":true,"href":"https:\/\/hhcarmelitas.com\/wp\/wp-json\/wp\/v2\/users\/4"}],"replies":[{"embeddable":true,"href":"https:\/\/hhcarmelitas.com\/wp\/wp-json\/wp\/v2\/comments?post=3015"}],"version-history":[{"count":7,"href":"https:\/\/hhcarmelitas.com\/wp\/wp-json\/wp\/v2\/pages\/3015\/revisions"}],"predecessor-version":[{"id":3023,"href":"https:\/\/hhcarmelitas.com\/wp\/wp-json\/wp\/v2\/pages\/3015\/revisions\/3023"}],"wp:attachment":[{"href":"https:\/\/hhcarmelitas.com\/wp\/wp-json\/wp\/v2\/media?parent=3015"}],"curies":[{"name":"wp","href":"https:\/\/api.w.org\/{rel}","templated":true}]}}